{"id":329,"date":"2015-05-06T21:20:05","date_gmt":"2015-05-06T19:20:05","guid":{"rendered":"http:\/\/www.automne-musical.ch\/wordpress\/?page_id=329"},"modified":"2025-04-09T19:16:17","modified_gmt":"2025-04-09T17:16:17","slug":"presse","status":"publish","type":"page","link":"https:\/\/www.automne-musical.ch\/wordpress\/presse\/","title":{"rendered":"Presse"},"content":{"rendered":"<blockquote><p><a href=\"http:\/\/www.automne-musical.ch\/wordpress\/wp-content\/uploads\/LogoBlancTimbres_1.jpg\"><img loading=\"lazy\" decoding=\"async\" class=\"alignleft wp-image-327 size-thumbnail\" src=\"http:\/\/www.automne-musical.ch\/wordpress\/wp-content\/uploads\/LogoBlancTimbres_1-150x150.jpg\" alt=\"LogoBlancTimbres_1\" width=\"150\" height=\"150\" srcset=\"https:\/\/www.automne-musical.ch\/wordpress\/wp-content\/uploads\/LogoBlancTimbres_1-150x150.jpg 150w, https:\/\/www.automne-musical.ch\/wordpress\/wp-content\/uploads\/LogoBlancTimbres_1-230x230.jpg 230w\" sizes=\"auto, (max-width: 150px) 100vw, 150px\" \/><\/a><\/p>\n<p><strong>Ci-dessous quelques articles de presse au sujet de notre festival.<\/strong><\/p><\/blockquote>\n<p>&nbsp;<\/p>\n<p><strong>Concert du soir &#8211; RTS<\/strong><br \/>\nConcert du 24.11.2024 au Temple d&rsquo;Ollon<br \/>\n<em>Musique de Chambre. Le Quatuor Aviv interpr\u00e8te des oeuvres de Haydn, Berg et Schubert.<\/em><br \/>\n<iframe loading=\"lazy\" src=\"https:\/\/www.rts.ch\/play\/embed?urn=urn:rts:audio:15482175\" name=\"Musique de Chambre. Le Quatuor Aviv interpr\u00e8te des oeuvres de Haydn, Berg et Schubert.\" width=\"552\" height=\"358\" frameborder=\"0\" allowfullscreen=\"allowfullscreen\"><span data-mce-type=\"bookmark\" style=\"display: inline-block; width: 0px; overflow: hidden; line-height: 0;\" class=\"mce_SELRES_start\">\ufeff<\/span><span data-mce-type=\"bookmark\" style=\"display: inline-block; width: 0px; overflow: hidden; line-height: 0;\" class=\"mce_SELRES_start\">\ufeff<\/span><\/iframe><\/p>\n<hr \/>\n<p>Un grand merci \u00e0 l&rsquo;Imprimerie Azy pour son <a href=\"https:\/\/www.automne-musical.ch\/wordpress\/wp-content\/uploads\/LAutomne-Musical-dOllon-_-Un-rendez-vous-melodieux-au-coeur-des-Alpe_-imprimerieazy.ch_.pdf\">article le 28.10.2024<\/a> en faveur du Festival !<\/p>\n<p><a href=\"https:\/\/imprimerieazy.ch\/lautomne-musical-dollon-un-rendez-vous-melodieux-au-coeur-des-alpes\/\"><img loading=\"lazy\" decoding=\"async\" class=\"alignnone wp-image-1629 size-full\" src=\"https:\/\/www.automne-musical.ch\/wordpress\/wp-content\/uploads\/LAutomne-Musical-dOllon-_-Un-rendez-vous-melodieux-au-coeur-des-Alpe_-imprimerieazy.ch_.png\" alt=\"\" width=\"751\" height=\"944\" srcset=\"https:\/\/www.automne-musical.ch\/wordpress\/wp-content\/uploads\/LAutomne-Musical-dOllon-_-Un-rendez-vous-melodieux-au-coeur-des-Alpe_-imprimerieazy.ch_.png 751w, https:\/\/www.automne-musical.ch\/wordpress\/wp-content\/uploads\/LAutomne-Musical-dOllon-_-Un-rendez-vous-melodieux-au-coeur-des-Alpe_-imprimerieazy.ch_-239x300.png 239w\" sizes=\"auto, (max-width: 751px) 100vw, 751px\" \/><\/a><\/p>\n<p><strong>Concert nomade &#8211; RTS<\/strong><br \/>\nConcert du 05.11.2023 au Temple d&rsquo;Ollon<br \/>\n<em>Antonio Meneses &#8211; violoncelle, G\u00e9rard Wyss &#8211; piano<\/em><br \/>\n<iframe loading=\"lazy\" src=\"https:\/\/www.rts.ch\/play\/embed?urn=urn:rts:audio:14686623\" name=\"Concert du 05.11.2023 au Temple d'Ollon dans le cadre de l'Automne Musical. Antonio Meneses - violoncelle, G\u00e9rard Wyss - piano\" width=\"592\" height=\"358\" frameborder=\"0\" allowfullscreen=\"allowfullscreen\"><\/iframe><\/p>\n<p><a href=\"https:\/\/www.automne-musical.ch\/wordpress\/wp-content\/uploads\/riviera-chablais-2023.jpeg\">Riviera Chablais<\/a> (automne 2023)<\/p>\n<p><a href=\"https:\/\/www.automne-musical.ch\/wordpress\/wp-content\/uploads\/riviera-chablais-2023.jpeg\"><img loading=\"lazy\" decoding=\"async\" class=\"alignnone wp-image-1535 size-medium\" src=\"https:\/\/www.automne-musical.ch\/wordpress\/wp-content\/uploads\/riviera-chablais-2023-169x300.jpeg\" alt=\"\" width=\"169\" height=\"300\" srcset=\"https:\/\/www.automne-musical.ch\/wordpress\/wp-content\/uploads\/riviera-chablais-2023-169x300.jpeg 169w, https:\/\/www.automne-musical.ch\/wordpress\/wp-content\/uploads\/riviera-chablais-2023-576x1024.jpeg 576w, https:\/\/www.automne-musical.ch\/wordpress\/wp-content\/uploads\/riviera-chablais-2023-768x1365.jpeg 768w, https:\/\/www.automne-musical.ch\/wordpress\/wp-content\/uploads\/riviera-chablais-2023-864x1536.jpeg 864w, https:\/\/www.automne-musical.ch\/wordpress\/wp-content\/uploads\/riviera-chablais-2023.jpeg 1134w\" sizes=\"auto, (max-width: 169px) 100vw, 169px\" \/><\/a><\/p>\n<p><a href=\"https:\/\/www.automne-musical.ch\/wordpress\/wp-content\/uploads\/Page14-AMO-Boyard-2023.pdf\">Le Boyard_85 Page_14<\/a> (automne 2023)<\/p>\n<p><a href=\"https:\/\/www.automne-musical.ch\/wordpress\/wp-content\/uploads\/Page14-AMO-Boyard-2023.pdf\"><img loading=\"lazy\" decoding=\"async\" class=\"alignleft wp-image-1255 size-medium\" src=\"https:\/\/www.automne-musical.ch\/wordpress\/wp-content\/uploads\/Page14-AMO-Boyard-2023.png\" alt=\"Image de Page 14 Boyard 85 : l'Automne Musical d'Ollon pr\u00e9pare son festival 2023\" width=\"300\" height=\"274\" \/><\/a><\/p>\n<p><strong>Concert nomade &#8211; RTS<\/strong><br \/>\nConcert 20 novembre 2022 donn\u00e9 au Temple d&rsquo;Ollon<br \/>\n<em>Davide Bandieri &#8211; clarinette, Gerardo Vila &#8211; piano | Oeuvres de Saint-Sa\u00ebns, Debussy, Penderecki et Brahms<\/em><br \/>\n<iframe loading=\"lazy\" src=\"https:\/\/www.rts.ch\/play\/embed\/?urn=urn:rts:audio:14015696\" name=\"Concert 20 novembre 2022 donn\u00e9 au Temple d'Ollon, dans le cadre de l'Automne Musical d'Ollon\" width=\"592\" height=\"358\" frameborder=\"0\" allowfullscreen=\"allowfullscreen\"><\/iframe><\/p>\n<p><strong>Concert nomade &#8211; RTS<\/strong><br \/>\nConcert du 13 novembre 2021 dans le cadre de l&rsquo;Automne musical d&rsquo;Ollon<br \/>\n<em>Axel Beno\u00eet &#8211; basson, V\u00e9ronique Goudin-L\u00e9ger &#8211; piano. Oeuvres de Saint-Sa\u00ebns, Dutilleux, Bitsch, von Weber et Villa-Lobos<\/em><br \/>\n<iframe loading=\"lazy\" src=\"https:\/\/www.rts.ch\/play\/embed\/?urn=urn:rts:audio:12890789\" name=\"Concert du 13 novembre 2021 dans le cadre de l'Automne musical d'Ollon\" width=\"592\" height=\"358\" frameborder=\"0\" allowfullscreen=\"allowfullscreen\"><\/iframe><\/p>\n<p><a href=\"https:\/\/www.automne-musical.ch\/wordpress\/wp-content\/uploads\/riviera-chablais-magazine-13oct2021.pdf\">Riviera Chablais<\/a> (octobre 2021)<\/p>\n<p><a href=\"https:\/\/www.automne-musical.ch\/wordpress\/wp-content\/uploads\/riviera-chablais-magazine-13oct2021.pdf\"><img loading=\"lazy\" decoding=\"async\" class=\"alignleft wp-image-1241 size-medium\" src=\"https:\/\/www.automne-musical.ch\/wordpress\/wp-content\/uploads\/riviera-chablais-magazine-13oct2021-pdf-1-273x300.jpg\" alt=\"Photo de l'article Riviera-Chablais 2021\" width=\"273\" height=\"300\" srcset=\"https:\/\/www.automne-musical.ch\/wordpress\/wp-content\/uploads\/riviera-chablais-magazine-13oct2021-pdf-1-273x300.jpg 273w, https:\/\/www.automne-musical.ch\/wordpress\/wp-content\/uploads\/riviera-chablais-magazine-13oct2021-pdf-1-930x1024.jpg 930w, https:\/\/www.automne-musical.ch\/wordpress\/wp-content\/uploads\/riviera-chablais-magazine-13oct2021-pdf-1-768x845.jpg 768w, https:\/\/www.automne-musical.ch\/wordpress\/wp-content\/uploads\/riviera-chablais-magazine-13oct2021-pdf-1-1395x1536.jpg 1395w, https:\/\/www.automne-musical.ch\/wordpress\/wp-content\/uploads\/riviera-chablais-magazine-13oct2021-pdf-1-1861x2048.jpg 1861w\" sizes=\"auto, (max-width: 273px) 100vw, 273px\" \/><\/a><\/p>\n<p>&nbsp;<\/p>\n<p>&nbsp;<\/p>\n<p>&nbsp;<\/p>\n<p>&nbsp;<\/p>\n<p>&nbsp;<\/p>\n<p>&nbsp;<\/p>\n<p><a href=\"https:\/\/www.radiochablais.ch\/infos\/91131-l-automne-musical-d-ollon-ne-change-pas-de-ligne-directrice-pour-sa-13e-edition\">Radio Chablais<\/a> (octobre 2021)<\/p>\n<div class=\"detailPodcast-title\">\u00ab\u00a0Mendelssohn, Mozart, Brahms ou encore Liszt\u2026 Ils font partie des artistes qui seront \u00e0 l\u2019honneur de l\u2019Automne Musical d\u2019Ollon. Du 31 octobre au 28 novembre\u00a0\u00bb. Roland Franzi, pr\u00e9sident de l\u2019Automne Musical d\u2019Ollon, au micro de Thierry Nicolet.<\/div>\n<p>&nbsp;<\/p>\n<audio class=\"wp-audio-shortcode\" id=\"audio-329-1\" preload=\"none\" style=\"width: 100%;\" controls=\"controls\"><source type=\"audio\/mpeg\" src=\"https:\/\/www.automne-musical.ch\/wordpress\/wp-content\/uploads\/clubsoir_3_19102021.mp3?_=1\" \/><a href=\"https:\/\/www.automne-musical.ch\/wordpress\/wp-content\/uploads\/clubsoir_3_19102021.mp3\">https:\/\/www.automne-musical.ch\/wordpress\/wp-content\/uploads\/clubsoir_3_19102021.mp3<\/a><\/audio>\n<p>&nbsp;<\/p>\n<p><a href=\"https:\/\/www.automne-musical.ch\/wordpress\/wp-content\/uploads\/LeBoyard_77_BR-16-2021-AMO.pdf\">Le Boyard_77 Page_16<\/a>\u00a0(septembre 2021)<\/p>\n<p><a href=\"https:\/\/www.automne-musical.ch\/wordpress\/wp-content\/uploads\/LeBoyard_77_BR-16-2021-AMO.pdf\"><img loading=\"lazy\" decoding=\"async\" class=\"alignleft wp-image-1255 size-medium\" src=\"https:\/\/www.automne-musical.ch\/wordpress\/wp-content\/uploads\/Page16_Boyard77_2021_AutomneMusicalOllonPrepareFestival-300x274.png\" alt=\"Image de Page 16 Boyard 77 : l'Automne Musical d'Ollon pr\u00e9pare son festival 2021\" width=\"300\" height=\"274\" srcset=\"https:\/\/www.automne-musical.ch\/wordpress\/wp-content\/uploads\/Page16_Boyard77_2021_AutomneMusicalOllonPrepareFestival-300x274.png 300w, https:\/\/www.automne-musical.ch\/wordpress\/wp-content\/uploads\/Page16_Boyard77_2021_AutomneMusicalOllonPrepareFestival-768x701.png 768w, https:\/\/www.automne-musical.ch\/wordpress\/wp-content\/uploads\/Page16_Boyard77_2021_AutomneMusicalOllonPrepareFestival.png 909w\" sizes=\"auto, (max-width: 300px) 100vw, 300px\" \/><\/a><\/p>\n<p>&nbsp;<\/p>\n<p>&nbsp;<\/p>\n<p>&nbsp;<\/p>\n<p>&nbsp;<\/p>\n<p>&nbsp;<\/p>\n<p>&nbsp;<\/p>\n<p>&nbsp;<\/p>\n<p>&nbsp;<\/p>\n<hr \/>\n<div><\/div>\n<p><a href=\"https:\/\/www.radiochablais.ch\/infos\/86996-l-automne-musical-d-ollon-aura-bien-lieu\">Radio Chablais<\/a> (octobre 2020)<br \/>\n<em>Podcast \u00ab\u00a0Le direct\u00a0\u00bb :<\/em><\/p>\n<audio class=\"wp-audio-shortcode\" id=\"audio-329-2\" preload=\"none\" style=\"width: 100%;\" controls=\"controls\"><source type=\"audio\/mpeg\" src=\"https:\/\/www.automne-musical.ch\/wordpress\/wp-content\/uploads\/RadioChablais_inter_dirext_part1_lundi_19102020_Dominique.mp3?_=2\" \/><a href=\"https:\/\/www.automne-musical.ch\/wordpress\/wp-content\/uploads\/RadioChablais_inter_dirext_part1_lundi_19102020_Dominique.mp3\">https:\/\/www.automne-musical.ch\/wordpress\/wp-content\/uploads\/RadioChablais_inter_dirext_part1_lundi_19102020_Dominique.mp3<\/a><\/audio>\n<p>&nbsp;<\/p>\n<audio class=\"wp-audio-shortcode\" id=\"audio-329-3\" preload=\"none\" style=\"width: 100%;\" controls=\"controls\"><source type=\"audio\/mpeg\" src=\"https:\/\/www.automne-musical.ch\/wordpress\/wp-content\/uploads\/RadioChablais_inter_dirext_part2_lundi_19102020_Ted.mp3?_=3\" \/><a href=\"https:\/\/www.automne-musical.ch\/wordpress\/wp-content\/uploads\/RadioChablais_inter_dirext_part2_lundi_19102020_Ted.mp3\">https:\/\/www.automne-musical.ch\/wordpress\/wp-content\/uploads\/RadioChablais_inter_dirext_part2_lundi_19102020_Ted.mp3<\/a><\/audio>\n<p>&nbsp;<\/p>\n<p><a href=\"https:\/\/www.radiochablais.ch\/infos\/82872-le-festival-l-automne-musical-d-ollon-veut-ratisser-plus-large?#top\">Radio Chablais<\/a> (octobre 2019)<br \/>\n<em>Podcast \u00ab\u00a0Le Club\u00a0\u00bb :<\/em><\/p>\n<audio class=\"wp-audio-shortcode\" id=\"audio-329-4\" preload=\"none\" style=\"width: 100%;\" controls=\"controls\"><source type=\"audio\/mpeg\" src=\"https:\/\/www.automne-musical.ch\/wordpress\/wp-content\/uploads\/clubsoir_4_15102019_radiochablais.mp3?_=4\" \/><a href=\"https:\/\/www.automne-musical.ch\/wordpress\/wp-content\/uploads\/clubsoir_4_15102019_radiochablais.mp3\">https:\/\/www.automne-musical.ch\/wordpress\/wp-content\/uploads\/clubsoir_4_15102019_radiochablais.mp3<\/a><\/audio>\n<p>&nbsp;<\/p>\n<p><a href=\"https:\/\/www.automne-musical.ch\/wordpress\/wp-content\/uploads\/PointChablais_No_145_pg_19.pdf\">Le Point Chablais<\/a> (octobre 2020)<\/p>\n<p><a href=\"https:\/\/www.automne-musical.ch\/wordpress\/wp-content\/uploads\/LeBoyard_73_BR_pg_12.pdf\">Le Boyard_73_Page_12<\/a>\u00a0 (septembre 2020)<\/p>\n<p><a href=\"https:\/\/www.automne-musical.ch\/wordpress\/wp-content\/uploads\/Point-Chablais-AMO-2019.pdf\">Le Point Chablais<\/a> (octobre 2019)<\/p>\n<p><a href=\"https:\/\/www.automne-musical.ch\/wordpress\/wp-content\/uploads\/Le-Boyard-09-19.pdf\">Le Boyard_69_Page_14<\/a>\u00a0 (septembre 2019)<\/p>\n<p><a href=\"https:\/\/www.automne-musical.ch\/wordpress\/wp-content\/uploads\/Le-Myt\u00e8re-dAgaune-article-de-presse-.jpg\">La\u00a0 Nation<\/a> octobre 2018<\/p>\n<p><a href=\"https:\/\/www.automne-musical.ch\/wordpress\/wp-content\/uploads\/Article-du-Boyard_2018.pdf\">Le Boyard_66_Page_17<\/a> (novembre 2018)<\/p>\n<p><a href=\"http:\/\/www.automne-musical.ch\/wordpress\/wp-content\/uploads\/LeBoyard_42_Page3.pdf\" target=\"_blank\" rel=\"noopener noreferrer\">LeBoyard_42_Page3<\/a> (d\u00e9cembre 2012)<\/p>\n<p>Les matinales d&rsquo;Espace 2, Episode du 29 octobre 2013<br \/>\n<iframe loading=\"lazy\" src=\"https:\/\/www.rts.ch\/play\/embed\/?urn=urn:rts:audio:5292738\" name=\"Automne Musical d\u2019Ollon, AMO\" width=\"592\" height=\"358\" frameborder=\"0\" allowfullscreen=\"allowfullscreen\"><span style=\"display: inline-block; width: 0px; overflow: hidden; line-height: 0;\" data-mce-type=\"bookmark\" class=\"mce_SELRES_start\">\ufeff<\/span><span style=\"display: inline-block; width: 0px; overflow: hidden; line-height: 0;\" data-mce-type=\"bookmark\" class=\"mce_SELRES_start\">\ufeff<\/span><\/iframe><\/p>\n<p><a href=\"http:\/\/www.automne-musical.ch\/wordpress\/wp-content\/uploads\/LeBoyard_45_p6.pdf\" target=\"_blank\" rel=\"noopener noreferrer\">Le Boyard_45_p6<\/a> (octobre 2013)<\/p>\n<p><a href=\"http:\/\/www.automne-musical.ch\/wordpress\/wp-content\/uploads\/4_pdfsam_LeBoyard_40_BR.pdf\" target=\"_blank\" rel=\"noopener noreferrer\">LeBoyard_40_BR<\/a> (juillet 2012)<\/p>\n<p><a href=\"http:\/\/www.automne-musical.ch\/wordpress\/wp-content\/uploads\/7_pdfsam_Boyard_37_BR.pdf\" target=\"_blank\" rel=\"noopener noreferrer\">Le_Boyard_37_BR<\/a>\u00a0(septembre 2011 &#8211; voir page 7)<\/p>\n<p><a href=\"http:\/\/www.automne-musical.ch\/wordpress\/wp-content\/uploads\/6_pdfsam_Le_Boyard_35.pdf\" target=\"_blank\" rel=\"noopener noreferrer\">Le_Boyard_35<\/a>\u00a0(avril 2011)<\/p>\n<p>Le Nouvelliste, article du 3 novembre 2010 <a href=\"http:\/\/www.nouvelliste.ch\/fr\/\" target=\"_blank\" rel=\"noopener noreferrer\">(Lien vers le journal)<\/a><\/p>\n<p><a href=\"http:\/\/www.automne-musical.ch\/wordpress\/wp-content\/uploads\/NF_3-11-2010.pdf\" target=\"_blank\" rel=\"noopener noreferrer\">NF_3-11-2010<\/a><\/p>\n<p>24 heures, article de C\u00e9line Rochat, novembre 2009 <a href=\"http:\/\/www.24heures.ch\/\" target=\"_blank\" rel=\"noopener noreferrer\">(lien vers le journal)<\/a><\/p>\n<p><a href=\"http:\/\/www.automne-musical.ch\/images\/Vevey-Hebdo-625-20-11-2009.jpg\" target=\"_blank\" rel=\"noopener noreferrer\"><img loading=\"lazy\" decoding=\"async\" class=\"aligncenter size-medium wp-image-339\" src=\"http:\/\/www.automne-musical.ch\/wordpress\/wp-content\/uploads\/24H_nov-2009_small-300x277.jpg\" alt=\"24H_nov-2009_small\" width=\"300\" height=\"277\" srcset=\"https:\/\/www.automne-musical.ch\/wordpress\/wp-content\/uploads\/24H_nov-2009_small-300x277.jpg 300w, https:\/\/www.automne-musical.ch\/wordpress\/wp-content\/uploads\/24H_nov-2009_small-1024x945.jpg 1024w, https:\/\/www.automne-musical.ch\/wordpress\/wp-content\/uploads\/24H_nov-2009_small.jpg 1719w\" sizes=\"auto, (max-width: 300px) 100vw, 300px\" \/><\/a><\/p>\n<p>&nbsp;<\/p>\n","protected":false},"excerpt":{"rendered":"<p>Ci-dessous quelques articles de presse au sujet de notre festival. &nbsp; Concert du soir &#8211; RTS Concert du 24.11.2024 au Temple d&rsquo;Ollon Musique de Chambre. Le Quatuor Aviv interpr\u00e8te des [&hellip;]<\/p>\n","protected":false},"author":1,"featured_media":1241,"parent":0,"menu_order":0,"comment_status":"closed","ping_status":"closed","template":"","meta":{"footnotes":"","_links_to":"","_links_to_target":""},"class_list":["post-329","page","type-page","status-publish","has-post-thumbnail","hentry"],"_links":{"self":[{"href":"https:\/\/www.automne-musical.ch\/wordpress\/wp-json\/wp\/v2\/pages\/329","targetHints":{"allow":["GET"]}}],"collection":[{"href":"https:\/\/www.automne-musical.ch\/wordpress\/wp-json\/wp\/v2\/pages"}],"about":[{"href":"https:\/\/www.automne-musical.ch\/wordpress\/wp-json\/wp\/v2\/types\/page"}],"author":[{"embeddable":true,"href":"https:\/\/www.automne-musical.ch\/wordpress\/wp-json\/wp\/v2\/users\/1"}],"replies":[{"embeddable":true,"href":"https:\/\/www.automne-musical.ch\/wordpress\/wp-json\/wp\/v2\/comments?post=329"}],"version-history":[{"count":46,"href":"https:\/\/www.automne-musical.ch\/wordpress\/wp-json\/wp\/v2\/pages\/329\/revisions"}],"predecessor-version":[{"id":1672,"href":"https:\/\/www.automne-musical.ch\/wordpress\/wp-json\/wp\/v2\/pages\/329\/revisions\/1672"}],"wp:featuredmedia":[{"embeddable":true,"href":"https:\/\/www.automne-musical.ch\/wordpress\/wp-json\/wp\/v2\/media\/1241"}],"wp:attachment":[{"href":"https:\/\/www.automne-musical.ch\/wordpress\/wp-json\/wp\/v2\/media?parent=329"}],"curies":[{"name":"wp","href":"https:\/\/api.w.org\/{rel}","templated":true}]}}