{"id":287,"date":"2015-05-04T08:35:46","date_gmt":"2015-05-04T06:35:46","guid":{"rendered":"http:\/\/www.automne-musical.ch\/wordpress\/?page_id=287"},"modified":"2026-02-18T21:21:49","modified_gmt":"2026-02-18T20:21:49","slug":"contact","status":"publish","type":"page","link":"https:\/\/www.automne-musical.ch\/wordpress\/contact\/","title":{"rendered":"Contact"},"content":{"rendered":"<p><strong>Pour nous contacter utilisez les adresses ci-dessous \u00e0 taper dans votre logiciel de messagerie favori<\/strong>:<strong>\u00a0<\/strong><\/p>\n<p style=\"text-align: left;\">Pour atteindre le secr\u00e9tariat utiliser l&rsquo;adresse: <a href=\"mailto:secretaire@automne-musical.ch\">secretaire@automne-musical.ch<\/a><\/p>\n<p>Pour atteindre notre pr\u00e9sident: <a href=\"mailto:president@automne-musical.ch\">president@automne-musical.ch<\/a><\/p>\n<p><strong>Artistes seulement<\/strong>: Merci d&rsquo;envoyer vos propositions de concert \u00e0 l&rsquo;adresse ci-dessous.<br \/>\n<strong>Artists only<\/strong>: please send your concert proposal to the address below.<\/p>\n<p><a href=\"mailto:artiste@automne-musical.ch\">artiste@automne-musical.ch<\/a><\/p>\n<p>Pour toute autre demande,\u00a0envoyer votre courriel \u00e0 <a href=\"mailto:info@automne-musical.ch\">info@automne-musical.ch<\/a>.<\/p>\n<hr \/>\n<p><strong>Adresse postale du Festival AMO:<\/strong><\/p>\n<p>Roland Franzi<br \/>\nAMO<br \/>\nCh. de Magnen\u00e8che 9<br \/>\n1867 Ollon<\/p>\n<hr \/>\n<form class=\"inf-form\" action=\"https:\/\/newsletter.infomaniak.com\/external\/submit\" method=\"post\" target=\"_blank\"><input style=\"display: none;\" name=\"email\" type=\"email\" \/><input name=\"key\" type=\"hidden\" value=\"eyJpdiI6IkVWMUhZKzdJYUIwdCttWEdUQVhqOHNNNXFEVEhiSUs0YXRHS1wvNjBRcThjPSIsInZhbHVlIjoiMFdtOW9ETSsxVkVKSlBBRVRIRXpLdmlDZkVRM2ZLYzl3U21vVE90YnYyWT0iLCJtYWMiOiJiMTYwMTk2MTZlOTg2MmUxM2Y4OWZiMTgxMjhlNDIyMWQ2MzMwYzMxNGQ3OTBmYjkxZjE4NzE4MjU3NzRhMTc3In0=\" \/><input name=\"webform_id\" type=\"hidden\" value=\"8756\" \/><\/p>\n<style> .inf-main_62d90d223cf3e2239113a4963b191d71{ background-color:#f5f5f5; padding:25px 20px; margin:25px auto; } .inf-main_62d90d223cf3e2239113a4963b191d71 .inf-content { margin-top:13px;} .inf-main_62d90d223cf3e2239113a4963b191d71 h4, .inf-main_62d90d223cf3e2239113a4963b191d71 span, .inf-main_62d90d223cf3e2239113a4963b191d71 label, .inf-main_62d90d223cf3e2239113a4963b191d71 input, .inf-main_62d90d223cf3e2239113a4963b191d71 .inf-submit, .inf-main_62d90d223cf3e2239113a4963b191d71 .inf-success p a { color:#555555; font-size:14px; } .inf-main_62d90d223cf3e2239113a4963b191d71 h4{ font-size:18px; margin:0px 0px 13px 0px; } .inf-main_62d90d223cf3e2239113a4963b191d71 h4, .inf-main_62d90d223cf3e2239113a4963b191d71 label{ font-weight:bold; } .inf-main_62d90d223cf3e2239113a4963b191d71 .inf-input { margin-bottom:7px; } .inf-main_62d90d223cf3e2239113a4963b191d71 label { display:block;} .inf-main_62d90d223cf3e2239113a4963b191d71 input{ height:35px; color:#999999; border: 1px solid #E9E9E9; border:none; padding-left:7px; } .inf-main_62d90d223cf3e2239113a4963b191d71 .inf-input.inf-error label, .inf-main_62d90d223cf3e2239113a4963b191d71 .inf-input.inf-error span.inf-message{ color: #cc0033; } .inf-main_62d90d223cf3e2239113a4963b191d71 .inf-input.inf-error input{ border: 1px solid #cc0033; } .inf-main_62d90d223cf3e2239113a4963b191d71 .inf-input input { width:100%;} .inf-main_62d90d223cf3e2239113a4963b191d71 .inf-input.inf-error span.inf-message { display: block; } .inf-main_62d90d223cf3e2239113a4963b191d71 .inf-submit { text-align:right;} .inf-main_62d90d223cf3e2239113a4963b191d71 .inf-submit input{ background-color:#777777; color:#ffffff; border:none; font-weight: normal; height:auto; padding:7px; } .inf-main_62d90d223cf3e2239113a4963b191d71 .inf-submit input.disabled{ opacity: 0.4; } .inf-btn { color: rgb(85, 85, 85); border: medium none; font-weight: normal; height: auto; padding: 7px; display: inline-block; background-color: white; box-shadow: 0px 1px 1px rgba(0, 0, 0, 0.24); border-radius: 2px; line-height: 1em; } .inf-rgpd { margin:25px 0px 15px 0px; color:#555555; } <\/style>\n<div class=\"inf-main_62d90d223cf3e2239113a4963b191d71\">\n<h4>Abonnement au bulletin d\u2019information AMO<\/h4>\n<p>Pour \u00eatre inform\u00e9s des activit\u00e9s de l\u2019AMO, merci de remplir le formulaire ci-dessous, vous pourrez vous d\u00e9sabonner \u00e0 tout moment.<\/p>\n<div class=\"inf-success\" style=\"display: none;\">\n<h4>Votre inscription a \u00e9t\u00e9 enregistr\u00e9e avec succ\u00e8s !<\/h4>\n<p><a class=\"inf-btn\" href=\"#\">\u00ab<\/a><\/p>\n<\/div>\n<div class=\"inf-content\">\n<div class=\"inf-input inf-input-text\"><label>Email<\/label> <input name=\"inf[1]\" required=\"required\" type=\"text\" data-inf-meta=\"1\" data-inf-error=\"Merci de renseigner une adresse email\" \/><\/div>\n<div class=\"inf-input inf-input-text\"><label>Nom<\/label> <input name=\"inf[3]\" type=\"text\" data-inf-meta=\"3\" data-inf-error=\"Merci de renseigner une chaine de caract\u00e8re\" \/><\/div>\n<div class=\"inf-input inf-input-text\"><label>Pr\u00e9nom<\/label> <input name=\"inf[2]\" type=\"text\" data-inf-meta=\"2\" data-inf-error=\"Merci de renseigner une chaine de caract\u00e8re\" \/><\/div>\n<div class=\"inf-input inf-input-text\"><label>Adresse<\/label> <input name=\"inf[9536]\" type=\"text\" data-inf-meta=\"9536\" data-inf-error=\"Merci de renseigner une chaine de caract\u00e8re\" \/><\/div>\n<div class=\"inf-input inf-input-text\"><label>Num\u00e9ro postal<\/label> <input name=\"inf[9538]\" type=\"text\" data-inf-meta=\"9538\" data-inf-error=\"Merci de renseigner un nombre entier\" \/><\/div>\n<div class=\"inf-input inf-input-text\"><label>Ville<\/label> <input name=\"inf[9540]\" type=\"text\" data-inf-meta=\"9540\" data-inf-error=\"Merci de renseigner une chaine de caract\u00e8re\" \/><\/div>\n<div class=\"inf-submit\"><input name=\"\" type=\"submit\" value=\"S'abonner\" \/><\/div>\n<\/div>\n<\/div>\n<\/form>\n","protected":false},"excerpt":{"rendered":"<p>Pour nous contacter utilisez les adresses ci-dessous \u00e0 taper dans votre logiciel de messagerie favori:\u00a0 Pour atteindre le secr\u00e9tariat utiliser l&rsquo;adresse: secretaire@automne-musical.ch Pour atteindre notre pr\u00e9sident: president@automne-musical.ch Artistes seulement: Merci [&hellip;]<\/p>\n","protected":false},"author":1,"featured_media":0,"parent":0,"menu_order":0,"comment_status":"closed","ping_status":"closed","template":"","meta":{"footnotes":"","_links_to":"","_links_to_target":""},"class_list":["post-287","page","type-page","status-publish","hentry"],"_links":{"self":[{"href":"https:\/\/www.automne-musical.ch\/wordpress\/wp-json\/wp\/v2\/pages\/287","targetHints":{"allow":["GET"]}}],"collection":[{"href":"https:\/\/www.automne-musical.ch\/wordpress\/wp-json\/wp\/v2\/pages"}],"about":[{"href":"https:\/\/www.automne-musical.ch\/wordpress\/wp-json\/wp\/v2\/types\/page"}],"author":[{"embeddable":true,"href":"https:\/\/www.automne-musical.ch\/wordpress\/wp-json\/wp\/v2\/users\/1"}],"replies":[{"embeddable":true,"href":"https:\/\/www.automne-musical.ch\/wordpress\/wp-json\/wp\/v2\/comments?post=287"}],"version-history":[{"count":14,"href":"https:\/\/www.automne-musical.ch\/wordpress\/wp-json\/wp\/v2\/pages\/287\/revisions"}],"predecessor-version":[{"id":1688,"href":"https:\/\/www.automne-musical.ch\/wordpress\/wp-json\/wp\/v2\/pages\/287\/revisions\/1688"}],"wp:attachment":[{"href":"https:\/\/www.automne-musical.ch\/wordpress\/wp-json\/wp\/v2\/media?parent=287"}],"curies":[{"name":"wp","href":"https:\/\/api.w.org\/{rel}","templated":true}]}}