{"id":1410,"date":"2023-02-20T02:01:38","date_gmt":"2023-02-20T01:01:38","guid":{"rendered":"https:\/\/www.automne-musical.ch\/wordpress\/?page_id=1410"},"modified":"2023-02-20T02:01:38","modified_gmt":"2023-02-20T01:01:38","slug":"programme-2022","status":"publish","type":"page","link":"https:\/\/www.automne-musical.ch\/wordpress\/programme-2022\/","title":{"rendered":"Programme 2022"},"content":{"rendered":"<h2 style=\"text-align: center;\">Programme 2022<\/h2>\n<p><span style=\"font-family: DejaVu Sans, sans-serif;\"><span style=\"color: #000000;\"><span style=\"font-size: large;\">Tous les concerts ont lieu au Temple d&rsquo;Ollon (VD), Place du Cotterd\u00a0:<\/span><\/span><\/span><\/p>\n<p><span style=\"font-family: DejaVu Sans, sans-serif;\"><span style=\"color: #000000;\"><span style=\"font-size: large;\"><b>Le d<\/b><\/span><\/span><span style=\"color: #000000;\"><span style=\"font-size: large;\"><b>imanche \u00e0 17h00 (sauf <span style=\"color: #ff0000;\">le dernier concert \u00e0 16h<\/span>) et le samedi \u00e0 <span style=\"color: #ff0000;\">20h00<\/span><br \/>\n<\/b><\/span><\/span><\/span><\/p>\n<p><span style=\"color: #000000;\"><span style=\"font-family: DejaVu Sans, sans-serif;\"><span style=\"font-size: large;\"><b>Entr\u00e9e gratuite, collecte \u00e0 la sortie, aucune r\u00e9servation n\u2019est pr\u00e9vue<\/b><\/span><\/span><\/span><\/p>\n<p><strong>Concert 1 : Dimanche 30.10.2022, 17h\u00a0 \u00abFloril\u00e8ge<\/strong>\u00bb<br \/>\n<strong><em>Ensemble vocal Sotto Voce<\/em><\/strong>, directrice musicale : Dorothea Christ<\/p>\n<p><strong>William BYRD<br \/>\n<\/strong>Ave Verum Corpus<strong><br \/>\n<\/strong>Laudibus in Sanctis<br \/>\nNe Irascaris Domine\/Civitas Sancti Tui<br \/>\nSing Joyfully unto God<\/p>\n<p><strong>Edward ELGAR<\/strong><br \/>\nThere is sweet music<br \/>\nOwls<br \/>\nDeep in my soul<br \/>\nO Wild West Wind<\/p>\n<p><strong>R.Vaughan WILLIAMS<\/strong><br \/>\nSilence and Music<br \/>\nBushes and Briars<br \/>\nRest<br \/>\nThe Turtle Dove<\/p>\n<p><strong>Concert 2 : Dimanche 06.11.2022, 17h \u00abMusique de chambre\u00bb<\/strong><br \/>\n<strong><em>Hans Egidi avec les solistes altistes <span class=\"x193iq5w xeuugli x13faqbe x1vvkbs x1xmvt09 x1lliihq x1s928wv xhkezso x1gmr53x x1cpjm7i x1fgarty x1943h6x xudqn12 x3x7a5m x6prxxf xvq8zen xo1l8bm xzsf02u\" dir=\"auto\">Naomi Cohen<\/span>, Mila Gafner, Baptiste Giroud<br \/>\n<\/em><\/strong><em>Accompagnement Louise Acabo (clavecin), Marc Jaermann (violoncelle) et Noelle Reymond (contrebasse)<\/em><\/p>\n<p><strong>John Dowland<\/strong><br \/>\n\u00ab Lachrimae Antiquae \u00bb,<br \/>\n\u00ab Semper Dowland,semper dolens \u00bb, pour 5 cordes et clavecin<\/p>\n<p><strong>Gyorgy Ligeti<\/strong><br \/>\n\u201cHora lunga \u00bb ,extrait de la Sonate pour alto solo (1994)<\/p>\n<p><strong>Garth Knox<\/strong><br \/>\n\u00ab Marin Marais variations \u00bb pour 4 altos .<br \/>\n(Theme-sul tasto-harmonics-pizzicato-glissando-bouncing bowquartertones-<br \/>\nponticelle-tremolo)<\/p>\n<p><strong>H.I.F von Biber<\/strong><br \/>\nPassacaglia pour violon solo , transpos\u00e9 \u00e0 l\u2019alto<\/p>\n<p><strong>J.S. Bach<\/strong><br \/>\n6me Concerto Brandebourgeois en si b majeur BWV 1051 (Sans<br \/>\nindication-Adagio ma non tante-Allegro)<\/p>\n<p><strong>Concert 3 : Dimanche 13.11.2022, 17h \u00abConcert Octuor\u00bb<\/strong><br \/>\n<strong><em>Quatuor Sine Nomine \u2013 Quatuor Stuller<\/em><\/strong><\/p>\n<p><strong>Georges Enesco<\/strong><br \/>\nOctuor en do majeur Op.7<br \/>\n1. Tr\u00e8s mod\u00e9r\u00e9<br \/>\n2. Tr\u00e8s fougueux<br \/>\n3. Lentement<br \/>\n4. Mouvement de valse bien rythm\u00e9e<\/p>\n<p><strong>Felix Mendelssohn<br \/>\n<\/strong>Octuor en mi b\u00e9mol majeur Op.20<br \/>\n1. Allegro moderato<br \/>\n2. Andante<br \/>\n3. Scherzo<br \/>\n4. Presto<strong><br \/>\n<\/strong><\/p>\n<p><strong>Concert 4 : Dimanche 20.11.2022, 17h \u00abCoup de C\u0153ur \u00bb<\/strong><br \/>\n<strong><em>Davide Bandieri clarinette, Gerardo Vila piano<\/em><\/strong><\/p>\n<p><strong>Camille Saint-Sa\u00ebns<\/strong><br \/>\nSonate pour clarinette et piano en mi b\u00e9mol majeur op. 167<br \/>\nAllegretto<br \/>\nAllegro animato<br \/>\nLento<br \/>\nMolto allegro<\/p>\n<p><strong>Claude Debussy<\/strong><br \/>\nEstampes &#8211; La soir\u00e9e dans Grenade pour piano<br \/>\nImages &#8211; Reflets dans l\u2019eau pour piano<br \/>\nPremi\u00e8re Rhapsodie pour clarinette et piano (1910)<\/p>\n<p><strong>Krzysztof Penderecki<\/strong><br \/>\n3 miniatures pour clarinette et piano<br \/>\nAllegro<br \/>\nAndante cantabile<br \/>\nAllegro ma non troppo<\/p>\n<p><strong>Johannes Brahms<\/strong><br \/>\nSonate pour clarinette et piano en mi b\u00e9mol majeur op. 120 N\u00b0 2<br \/>\nAllegro amabile<br \/>\nAllegro appassionato<br \/>\nAndante con moto; Allegro<\/p>\n<p><strong>Concert 5 : Samedi 26.11.2022, 20h \u00abTed &amp; Isabelle\u00bb<\/strong><br \/>\n<strong><em>Duo Brown-Tr\u00fcb : Isabelle Tr\u00fcb, piano, Niall Brown, violoncelle<\/em><\/strong><\/p>\n<p><strong>Robert Schumann<\/strong><br \/>\n5 St\u00fcke im Volkston Op.102<br \/>\nMit Humor \u2013 Langsam \u2013 Nicht schnell, mit viel Ton zu spielen \u2013 Nicht zu rasch \u2013 Stark und markiert<\/p>\n<p><strong>Gabriel Faur\u00e9<\/strong><br \/>\nElegie Op.24, Romance, Op 69, Papillon, Op.77<\/p>\n<p><strong>Manuel de Falla<\/strong><br \/>\nSuite Populaire Espagnole<br \/>\nEl Pa\u00f1o Moruno \u2013 Nana \u2013 Canci\u00f3n \u2013 Polo \u2013 Asturiana \u2013Jota<\/p>\n<p><strong>Gaspar Cassado<\/strong><br \/>\nRequiebros<\/p>\n<p><strong>Concert 6 : Dimanche 27.11.2022, 16h \u00abConcert Exceptionnel\u00bb<\/strong><br \/>\n<strong><em>Paul Coker, piano, Gyula Stuller, Barnab\u00e1s Stuller violons, Niall Brown, violoncelle<\/em><\/strong><\/p>\n<p><strong>Maurice Ravel<\/strong><br \/>\nSonate pour violon et violoncelle (1920)<br \/>\nAllegro<br \/>\nTr\u00e8s vif<br \/>\nLent<br \/>\nVif, avec entrain<\/p>\n<p><strong>Franz Liszt \u2013 Paul Coker<\/strong><br \/>\nLa vall\u00e9e d\u2019Obermann (transcription pour la main gauche)<\/p>\n<p><strong>Erich Wolfgang Korngold<\/strong><br \/>\nSuite pour deux violons, violoncelle et piano (main gauche) op. 23<br \/>\n(1930)<br \/>\nPr\u00e4ludium und Fuge. Kr\u00e4ftig und bestimmt. Ruhig ohne zu schleppen<br \/>\nWalzer. Nicht schnell. Anmutig<br \/>\nGroteske. M\u00f6glichst rasch<br \/>\nLied. Schlicht und innig<br \/>\nRondo &#8211; Finale. Schnell, heftig &#8211; Allegretto amabile e comodo<\/p>\n","protected":false},"excerpt":{"rendered":"<p>Programme 2022 Tous les concerts ont lieu au Temple d&rsquo;Ollon (VD), Place du Cotterd\u00a0: Le dimanche \u00e0 17h00 (sauf le dernier concert \u00e0 16h) et le samedi \u00e0 20h00 Entr\u00e9e [&hellip;]<\/p>\n","protected":false},"author":1,"featured_media":966,"parent":0,"menu_order":0,"comment_status":"closed","ping_status":"closed","template":"","meta":{"footnotes":"","_links_to":"","_links_to_target":""},"class_list":["post-1410","page","type-page","status-publish","has-post-thumbnail","hentry"],"_links":{"self":[{"href":"https:\/\/www.automne-musical.ch\/wordpress\/wp-json\/wp\/v2\/pages\/1410","targetHints":{"allow":["GET"]}}],"collection":[{"href":"https:\/\/www.automne-musical.ch\/wordpress\/wp-json\/wp\/v2\/pages"}],"about":[{"href":"https:\/\/www.automne-musical.ch\/wordpress\/wp-json\/wp\/v2\/types\/page"}],"author":[{"embeddable":true,"href":"https:\/\/www.automne-musical.ch\/wordpress\/wp-json\/wp\/v2\/users\/1"}],"replies":[{"embeddable":true,"href":"https:\/\/www.automne-musical.ch\/wordpress\/wp-json\/wp\/v2\/comments?post=1410"}],"version-history":[{"count":1,"href":"https:\/\/www.automne-musical.ch\/wordpress\/wp-json\/wp\/v2\/pages\/1410\/revisions"}],"predecessor-version":[{"id":1411,"href":"https:\/\/www.automne-musical.ch\/wordpress\/wp-json\/wp\/v2\/pages\/1410\/revisions\/1411"}],"wp:featuredmedia":[{"embeddable":true,"href":"https:\/\/www.automne-musical.ch\/wordpress\/wp-json\/wp\/v2\/media\/966"}],"wp:attachment":[{"href":"https:\/\/www.automne-musical.ch\/wordpress\/wp-json\/wp\/v2\/media?parent=1410"}],"curies":[{"name":"wp","href":"https:\/\/api.w.org\/{rel}","templated":true}]}}