{"id":1295,"date":"2022-03-06T19:56:58","date_gmt":"2022-03-06T18:56:58","guid":{"rendered":"https:\/\/www.automne-musical.ch\/wordpress\/?page_id=1295"},"modified":"2025-10-21T22:31:47","modified_gmt":"2025-10-21T20:31:47","slug":"programme","status":"publish","type":"page","link":"https:\/\/www.automne-musical.ch\/wordpress\/programme\/","title":{"rendered":"Programme"},"content":{"rendered":"<h2 style=\"text-align: center;\">Programme 2025<\/h2>\n<p><span style=\"font-family: DejaVu Sans, sans-serif;\"><span style=\"color: #000000;\"><span style=\"font-size: large;\">Tous les concerts ont lieu au Temple d&rsquo;Ollon (VD), Place du Cotterd\u00a0:<\/span><\/span><\/span><\/p>\n<p><span style=\"font-family: DejaVu Sans, sans-serif;\"><span style=\"color: #000000;\"><span style=\"font-size: large;\"><b>Le d<\/b><\/span><\/span><span style=\"color: #000000;\"><span style=\"font-size: large;\"><b>imanche \u00e0 17h00 et le samedi \u00e0 17<span style=\"color: #000000;\">h00<\/span><br \/>\n<\/b><\/span><\/span><\/span><\/p>\n<p><span style=\"color: #000000;\"><span style=\"font-family: DejaVu Sans, sans-serif;\"><span style=\"font-size: large;\"><b>Entr\u00e9e gratuite, collecte \u00e0 la sortie, aucune r\u00e9servation n\u2019est pr\u00e9vue<\/b><\/span><\/span><\/span><\/p>\n<p>26 octobre \u00e0 17h |<strong> Sextuor \u00e0 cordes <\/strong><strong><em>Quatuor Sine Nomine<br \/>\n<\/em><\/strong><em>Yukari Shimanuki (alto), J\u00falia Stuller (violoncelle)<\/em><\/p>\n<p>R. Strauss Sextuor de Capriccio Op. 85<br \/>\n<em><br \/>\n<\/em>L. van Beethoven Quatuor en fa mineur Op. 95<\/p>\n<ul>\n<li>Allegro con brio<\/li>\n<li>Allegretto ma non troppo<\/li>\n<li>Allegretto essai vivace ma serioso \u2013 Pi\u00f9 allegro<\/li>\n<li>Larghetto espressivo<\/li>\n<\/ul>\n<p>A. Dvorak Sextuor en la majeur, Op. 48<\/p>\n<ul>\n<li>Allegro moderato<\/li>\n<li>Dumka, Poco Allegretto<\/li>\n<li>Furiant, Presto<\/li>\n<li>Finale, Tema con Variazioni<\/li>\n<\/ul>\n<hr \/>\n<p>2 novembre \u00e0 17h | <strong>Trio Alto, Clarinette et Piano<br \/>\n<\/strong><em>Joan Lluna (clarinette), Yukari Shimanuki (alto), Nigel Clayton (piano)<\/em><\/p>\n<p>R. Schumann Fantasiest\u00fccke, op. 73 pour clarinette et piano<br \/>\n&#8211; Zart und mit Ausdruck<br \/>\n&#8211; Lebhaft, leicht<br \/>\n&#8211; Rasch und mit Feuer<\/p>\n<p>R. Schumann M\u00e4rchenerz\u00e4hlungen pour clarinette, alto et piano<br \/>\n&#8211; Lebhaft, nicht zu schnell<br \/>\n&#8211; Lebhaft und sehr markiert<br \/>\n&#8211; Ruhiges Tempo, mit zartem Ausdruck<br \/>\n&#8211; Lebhaft, sehr markiert<\/p>\n<p>G. Finzi 5 Bagatelles<br \/>\n&#8211; Pr\u00e9lude<br \/>\n&#8211; Romance<br \/>\n&#8211; Carol<br \/>\n&#8211; Forlana<br \/>\n&#8211; Fughetta<\/p>\n<p>J.E. Lluna Hommage \u00e0 Rodrigo<br \/>\nA. Romero Fantasia Lucrezia Borgia<\/p>\n<hr \/>\n<p>8 novembre \u00e0 17 h | <strong>Trio Zeitgeist<br \/>\n<\/strong><em>Tim Crawford (violon), Martin Egidi (violoncelle), Martin Jollet (piano)<\/em><\/p>\n<p>P. Juon<br \/>\n4 Miniatures pour trio avec piano, op. 89<\/p>\n<p>G. Faur\u00e9<br \/>\nTrio op.120<\/p>\n<p>F Mendelssohn<br \/>\nTrio n.2 en do mineur op.66<\/p>\n<hr \/>\n<p>9 Novembre \u00e0 17 h | <strong>Duo Violoncelle et Piano<br \/>\n<\/strong><em>Niall Brown (violoncelle), Isabelle Tr\u00fcb, (piano)<\/em><\/p>\n<p>C. Debussy<br \/>\nSonate en r\u00e9 mineur<\/p>\n<ul>\n<li>Prologue, Lent, sostenuto et molto risoluto<\/li>\n<li>S\u00e9r\u00e9nade, mod\u00e9r\u00e9ment anim\u00e9<\/li>\n<li>Final, Anim\u00e9<\/li>\n<\/ul>\n<p>G. Faur\u00e9<br \/>\nSonate en sol mineur no.2, op.117<\/p>\n<ul>\n<li>Allegro<\/li>\n<li>Andante<\/li>\n<li>Finale, Allegro vivo<\/li>\n<\/ul>\n<p>J. Brahms<br \/>\nSonate en mi mineur, op.38<\/p>\n<ul>\n<li>Allegro non troppo<\/li>\n<li>Allegretto quasi Menuetto<\/li>\n<li>Allegro<\/li>\n<\/ul>\n<hr \/>\n<p>16 novembre \u00e0 17 h | <strong>Duo Violon et Violoncelle<br \/>\n<\/strong><em>Gyula Stuller (violon), Patrick Demenga (violoncelle)<\/em><\/p>\n<p>J. Haydn<br \/>\nDuo en r\u00e9 majeur Hob.VI : D1<\/p>\n<ul>\n<li>Poco adagio<\/li>\n<li>Tempo di Menuetto<\/li>\n<li>Allegro<\/li>\n<\/ul>\n<p>M. Ravel<br \/>\nSonate pour violon et violoncelle<\/p>\n<ul>\n<li>Allegro<\/li>\n<li>Tr\u00e8s vif<\/li>\n<li>Lent<\/li>\n<li>Vif, avec entrain<\/li>\n<\/ul>\n<p>Z. Kod\u00e1ly Duo op.7<\/p>\n<ul>\n<li>Allegro serioso, non troppo<\/li>\n<li>Adagio<\/li>\n<li>Maestoso e largamente, ma non troppo lento<\/li>\n<li>Presto<\/li>\n<\/ul>\n<hr \/>\n<p>23 novembre \u00e0 17h | <strong>Concert Ch\u0153ur, Orgue et Violon<br \/>\n<\/strong><em>Ch\u0153ur \u00c9ph\u00e9m\u00e8re, direction Roland Demi\u00e9ville<\/em><br \/>\n<em>Gyula Stuller (violon), Pierre-Yves Fleury, (orgue)<\/em><\/p>\n<p>M. Garau Veni Sancte Spiritus<br \/>\nJ.-S. Bach Sonate en do mineur<\/p>\n<ul>\n<li>Siciliano \u2013 Largo<\/li>\n<li>Allegro<\/li>\n<li>Adagio<\/li>\n<li>Allegro<\/li>\n<\/ul>\n<p>E. Elgar Ave Verum<br \/>\nC. W. Gluck M\u00e9lodie<br \/>\nC. Franck Panis Angelicus<br \/>\nJ. Massenet M\u00e9ditation<br \/>\nG. Faur\u00e9 Le cantique de Jean Racine<br \/>\nO. Messiaen Louange \u00e0 l\u2019\u00e9ternit\u00e9, quatuor pour la fin du temps<br \/>\nK. Schoonenbeck Gloria (de la Missa brevis)<\/p>\n<p>&nbsp;<\/p>\n","protected":false},"excerpt":{"rendered":"<p>Programme 2025 Tous les concerts ont lieu au Temple d&rsquo;Ollon (VD), Place du Cotterd\u00a0: Le dimanche \u00e0 17h00 et le samedi \u00e0 17h00 Entr\u00e9e gratuite, collecte \u00e0 la sortie, aucune [&hellip;]<\/p>\n","protected":false},"author":1,"featured_media":966,"parent":0,"menu_order":0,"comment_status":"closed","ping_status":"closed","template":"","meta":{"footnotes":"","_links_to":"","_links_to_target":""},"class_list":["post-1295","page","type-page","status-publish","has-post-thumbnail","hentry"],"_links":{"self":[{"href":"https:\/\/www.automne-musical.ch\/wordpress\/wp-json\/wp\/v2\/pages\/1295","targetHints":{"allow":["GET"]}}],"collection":[{"href":"https:\/\/www.automne-musical.ch\/wordpress\/wp-json\/wp\/v2\/pages"}],"about":[{"href":"https:\/\/www.automne-musical.ch\/wordpress\/wp-json\/wp\/v2\/types\/page"}],"author":[{"embeddable":true,"href":"https:\/\/www.automne-musical.ch\/wordpress\/wp-json\/wp\/v2\/users\/1"}],"replies":[{"embeddable":true,"href":"https:\/\/www.automne-musical.ch\/wordpress\/wp-json\/wp\/v2\/comments?post=1295"}],"version-history":[{"count":30,"href":"https:\/\/www.automne-musical.ch\/wordpress\/wp-json\/wp\/v2\/pages\/1295\/revisions"}],"predecessor-version":[{"id":1681,"href":"https:\/\/www.automne-musical.ch\/wordpress\/wp-json\/wp\/v2\/pages\/1295\/revisions\/1681"}],"wp:featuredmedia":[{"embeddable":true,"href":"https:\/\/www.automne-musical.ch\/wordpress\/wp-json\/wp\/v2\/media\/966"}],"wp:attachment":[{"href":"https:\/\/www.automne-musical.ch\/wordpress\/wp-json\/wp\/v2\/media?parent=1295"}],"curies":[{"name":"wp","href":"https:\/\/api.w.org\/{rel}","templated":true}]}}