{"id":1048,"date":"2020-10-28T23:59:18","date_gmt":"2020-10-28T22:59:18","guid":{"rendered":"https:\/\/www.automne-musical.ch\/wordpress\/?page_id=1048"},"modified":"2020-11-01T14:00:39","modified_gmt":"2020-11-01T13:00:39","slug":"inscription-concert","status":"publish","type":"page","link":"https:\/\/www.automne-musical.ch\/wordpress\/inscription-concert\/","title":{"rendered":"Inscription concert"},"content":{"rendered":"<p><!--<strong>Merci de nous informer de votre pr\u00e9sence au prochain concert en remplissant le formulaire ci-dessous. Cela afin de nous aider \u00e0 respecter la limite de 50 personnes maximum selon les derni\u00e8res directives du conseil f\u00e9d\u00e9ral.\n<\/strong>\n\n\n<h3><span style=\"color: #ff0000;\">Une personne = une inscription !<\/span> <em>Si vous \u00eates un couple, merci de remplir une fois par personne.<\/em><\/h3>\n\n\n--><\/p>\n<p><strong>Les inscriptions sont ferm\u00e9es pour le concert du 01.11.2020.<\/strong><\/p>\n","protected":false},"excerpt":{"rendered":"<p>Les inscriptions sont ferm\u00e9es pour le concert du 01.11.2020.<\/p>\n","protected":false},"author":1,"featured_media":0,"parent":0,"menu_order":0,"comment_status":"closed","ping_status":"closed","template":"","meta":{"footnotes":"","_links_to":"","_links_to_target":""},"class_list":["post-1048","page","type-page","status-publish","hentry"],"_links":{"self":[{"href":"https:\/\/www.automne-musical.ch\/wordpress\/wp-json\/wp\/v2\/pages\/1048","targetHints":{"allow":["GET"]}}],"collection":[{"href":"https:\/\/www.automne-musical.ch\/wordpress\/wp-json\/wp\/v2\/pages"}],"about":[{"href":"https:\/\/www.automne-musical.ch\/wordpress\/wp-json\/wp\/v2\/types\/page"}],"author":[{"embeddable":true,"href":"https:\/\/www.automne-musical.ch\/wordpress\/wp-json\/wp\/v2\/users\/1"}],"replies":[{"embeddable":true,"href":"https:\/\/www.automne-musical.ch\/wordpress\/wp-json\/wp\/v2\/comments?post=1048"}],"version-history":[{"count":5,"href":"https:\/\/www.automne-musical.ch\/wordpress\/wp-json\/wp\/v2\/pages\/1048\/revisions"}],"predecessor-version":[{"id":1157,"href":"https:\/\/www.automne-musical.ch\/wordpress\/wp-json\/wp\/v2\/pages\/1048\/revisions\/1157"}],"wp:attachment":[{"href":"https:\/\/www.automne-musical.ch\/wordpress\/wp-json\/wp\/v2\/media?parent=1048"}],"curies":[{"name":"wp","href":"https:\/\/api.w.org\/{rel}","templated":true}]}}